{"id":7,"date":"2021-10-22T11:11:24","date_gmt":"2021-10-22T09:11:24","guid":{"rendered":"https:\/\/selettra.de\/?page_id=7"},"modified":"2022-03-31T11:12:02","modified_gmt":"2022-03-31T09:12:02","slug":"home","status":"publish","type":"page","link":"https:\/\/selettra.de\/pl\/","title":{"rendered":"Auf den folgenden Seiten\u2026"},"content":{"rendered":"\n<h2 class=\"wp-block-heading\">Auf den folgenden Seiten\u2026<\/h2>\n\n\n\n<p><br>\u2026haben wir f\u00fcr Sie viele Anleitungen f\u00fcr Selettra-Z\u00fcndungen und die dazugeh\u00f6rigen Komponenten zusammengestellt.<\/p>\n\n\n\n<p>In den Artikeln sind Angaben zu Fahrzeugen, Motoren und den Bauteilen von Selettra in Zusammenhang gebracht worden, so dass eine Zuordnung leichter f\u00e4llt.<\/p>\n\n\n\n<p>Die Typenliste basiert auf unserer Erfahrung und <strong>hat keinen Anspruch auf Vollst\u00e4ndigkeit.<\/strong> Sie ist eine Empfehlung und beinhaltet nur einen kleinen Teil des Selettra-Sortiments. In der Typenliste sind die am meisten von uns verkauften Selettra-Komponenten aufgelistet.<\/p>\n\n\n\n<p>Pr\u00fcfen Sie bitte vor der Bestellung immer noch genau die Ma\u00dfe der Bauteile anhand der Stator-, Rotor-, CDI- und Z\u00fcndspulenliste. Vergleichen Sie z.B. den Rotor anhand der jeweiligen Bauteil-Skizze, die Sie in der Rotorliste aufrufen k\u00f6nnen, mit dem Kurbelwellen-Seitenzapfen an Ihrem Motor. Nur so kann eine Falschbestellung weitgehend ausgeschlossen werden.<br><\/p>\n\n\n\n<p>F\u00fcr Fragen stehen wir Ihnen gerne zur Verf\u00fcgung.<br>Bestellungen k\u00f6nnen direkt auf unserem Onlineshop vorgenommen werden:<\/p>\n\n\n\n<div class=\"wp-block-image\"><figure class=\"aligncenter size-medium\"><a href=\"https:\/\/dmon-parts.de\" target=\"_blank\" rel=\"noopener\"><img loading=\"lazy\" decoding=\"async\" width=\"300\" height=\"147\" src=\"https:\/\/selettra.de\/wp-content\/uploads\/2021\/11\/dmon_de_trans-300x147.gif\" alt=\"\" class=\"wp-image-27\" srcset=\"https:\/\/selettra.de\/wp-content\/uploads\/2021\/11\/dmon_de_trans-300x147.gif 300w, https:\/\/selettra.de\/wp-content\/uploads\/2021\/11\/dmon_de_trans-1024x502.gif 1024w, https:\/\/selettra.de\/wp-content\/uploads\/2021\/11\/dmon_de_trans-768x376.gif 768w, https:\/\/selettra.de\/wp-content\/uploads\/2021\/11\/dmon_de_trans-1536x753.gif 1536w\" sizes=\"auto, (max-width: 300px) 100vw, 300px\" \/><\/a><\/figure><\/div>\n\n\n\n<div style=\"height:100px\" aria-hidden=\"true\" class=\"wp-block-spacer\"><\/div>\n\n\n\n<h3 class=\"has-text-align-center wp-block-heading\">So erreichen Sie uns:<\/h3>\n\n\n\n<div class=\"wp-block-columns alignfull has-text-color has-background is-layout-flex wp-container-core-columns-is-layout-9d6595d7 wp-block-columns-is-layout-flex\" style=\"background-color:#ffffff;color:#000000\">\n<div class=\"wp-block-column is-layout-flow wp-block-column-is-layout-flow\">\n<div class=\"wp-block-uagb-info-box uagb-infobox__outer-wrap uagb-block-f077e227\"><div class=\"uagb-infobox__content-wrap uagb-infobox uagb-infobox-has-icon uagb-infobox-icon-above-title uagb-infobox-image-valign-top uagb-infobox-enable-border-radius \"><div class=\"uagb-ifb-left-right-wrap\"><div class=\"uagb-ifb-content\"><div class=\"uagb-ifb-image-icon-content uagb-ifb-imgicon-wrap\"><div class=\"uagb-ifb-icon-wrap\"><span class=\"uagb-ifb-icon\"><svg xmlns=\"http:\/\/www.w3.org\/2000\/svg\" viewbox=\"0 0 512 512\"><path d=\"M497.39 361.8l-112-48a24 24 0 0 0-28 6.9l-49.6 60.6A370.66 370.66 0 0 1 130.6 204.11l60.6-49.6a23.94 23.94 0 0 0 6.9-28l-48-112A24.16 24.16 0 0 0 122.6.61l-104 24A24 24 0 0 0 0 48c0 256.5 207.9 464 464 464a24 24 0 0 0 23.4-18.6l24-104a24.29 24.29 0 0 0-14.01-27.6z\"><\/path><\/svg><\/span><\/div><\/div><div class=\"uagb-ifb-title-wrap\"><\/div><div class=\"uagb-ifb-separator-parent\"><div class=\"uagb-ifb-separator\"><\/div><\/div><div class=\"uagb-ifb-text-wrap\"><p class=\"uagb-ifb-desc\"> W\u00e4hrend der Gesch\u00e4ftszeiten: <br>Mo. \u2013 Fr. von 9 Uhr bis 18 Uhr<br>per Telefon 07528-921994 oder <br>Handy : 0171 363 99 37 <\/p><\/div><\/div><\/div><\/div><\/div>\n<\/div>\n\n\n\n<div class=\"wp-block-column is-layout-flow wp-block-column-is-layout-flow\">\n<div class=\"wp-block-uagb-info-box uagb-infobox__outer-wrap uagb-block-c8762e5c\"><div class=\"uagb-infobox__content-wrap uagb-infobox uagb-infobox-has-icon uagb-infobox-icon-above-title uagb-infobox-image-valign-top uagb-infobox-enable-border-radius \"><div class=\"uagb-ifb-left-right-wrap\"><div class=\"uagb-ifb-content\"><div class=\"uagb-ifb-image-icon-content uagb-ifb-imgicon-wrap\"><div class=\"uagb-ifb-icon-wrap\"><span class=\"uagb-ifb-icon\"><svg xmlns=\"http:\/\/www.w3.org\/2000\/svg\" viewbox=\"0 0 576 512\"><path d=\"M160 448c-25.6 0-51.2-22.4-64-32-64-44.8-83.2-60.8-96-70.4V480c0 17.67 14.33 32 32 32h256c17.67 0 32-14.33 32-32V345.6c-12.8 9.6-32 25.6-96 70.4-12.8 9.6-38.4 32-64 32zm128-192H32c-17.67 0-32 14.33-32 32v16c25.6 19.2 22.4 19.2 115.2 86.4 9.6 6.4 28.8 25.6 44.8 25.6s35.2-19.2 44.8-22.4c92.8-67.2 89.6-67.2 115.2-86.4V288c0-17.67-14.33-32-32-32zm256-96H224c-17.67 0-32 14.33-32 32v32h96c33.21 0 60.59 25.42 63.71 57.82l.29-.22V416h192c17.67 0 32-14.33 32-32V192c0-17.67-14.33-32-32-32zm-32 128h-64v-64h64v64zm-352-96c0-35.29 28.71-64 64-64h224V32c0-17.67-14.33-32-32-32H96C78.33 0 64 14.33 64 32v192h96v-32z\"><\/path><\/svg><\/span><\/div><\/div><div class=\"uagb-ifb-title-wrap\"><\/div><div class=\"uagb-ifb-separator-parent\"><div class=\"uagb-ifb-separator\"><\/div><\/div><div class=\"uagb-ifb-text-wrap\"><p class=\"uagb-ifb-desc\">jederzeit per Email: <br><a href=\"mailto:info@dmon-parts.de\">info@dmon-parts.de<\/a><br><\/p><\/div><\/div><\/div><\/div><\/div>\n<\/div>\n\n\n\n<div class=\"wp-block-column is-layout-flow wp-block-column-is-layout-flow\">\n<div class=\"wp-block-uagb-info-box uagb-infobox__outer-wrap uagb-block-44a506f5\"><div class=\"uagb-infobox__content-wrap uagb-infobox uagb-infobox-has-icon uagb-infobox-icon-above-title uagb-infobox-image-valign-top uagb-infobox-enable-border-radius \"><div class=\"uagb-ifb-left-right-wrap\"><div class=\"uagb-ifb-content\"><div class=\"uagb-ifb-image-icon-content uagb-ifb-imgicon-wrap\"><div class=\"uagb-ifb-icon-wrap\"><span class=\"uagb-ifb-icon\"><svg xmlns=\"http:\/\/www.w3.org\/2000\/svg\" viewbox=\"0 0 576 512\"><path d=\"M528.12 301.319l47.273-208C578.806 78.301 567.391 64 551.99 64H159.208l-9.166-44.81C147.758 8.021 137.93 0 126.529 0H24C10.745 0 0 10.745 0 24v16c0 13.255 10.745 24 24 24h69.883l70.248 343.435C147.325 417.1 136 435.222 136 456c0 30.928 25.072 56 56 56s56-25.072 56-56c0-15.674-6.447-29.835-16.824-40h209.647C430.447 426.165 424 440.326 424 456c0 30.928 25.072 56 56 56s56-25.072 56-56c0-22.172-12.888-41.332-31.579-50.405l5.517-24.276c3.413-15.018-8.002-29.319-23.403-29.319H218.117l-6.545-32h293.145c11.206 0 20.92-7.754 23.403-18.681z\"><\/path><\/svg><\/span><\/div><\/div><div class=\"uagb-ifb-title-wrap\"><\/div><div class=\"uagb-ifb-separator-parent\"><div class=\"uagb-ifb-separator\"><\/div><\/div><div class=\"uagb-ifb-text-wrap\"><p class=\"uagb-ifb-desc\">Hier geht es zu unserem Onlineshop: &nbsp;<br>&nbsp; <a rel=\"noreferrer noopener\" href=\"https:\/\/www.dmon-parts.de\" target=\"_blank\">www.dmon-parts.de<\/a><\/p><\/div><\/div><\/div><\/div><\/div>\n<\/div>\n<\/div>\n","protected":false},"excerpt":{"rendered":"<p>Auf den folgenden Seiten\u2026 \u2026haben wir f\u00fcr Sie viele Anleitungen f\u00fcr Selettra-Z\u00fcndungen und die dazugeh\u00f6rigen Komponenten zusammengestellt. In den Artikeln sind Angaben zu Fahrzeugen, Motoren und den Bauteilen von Selettra in Zusammenhang gebracht worden, so dass eine Zuordnung leichter f\u00e4llt. Die Typenliste basiert auf unserer Erfahrung und hat keinen Anspruch auf Vollst\u00e4ndigkeit. Sie ist eine&hellip; <a class=\"more-link\" href=\"https:\/\/selettra.de\/pl\/\">Czytaj dalej <span class=\"screen-reader-text\">Auf den folgenden Seiten\u2026<\/span><\/a><\/p>\n","protected":false},"author":1,"featured_media":0,"parent":0,"menu_order":0,"comment_status":"closed","ping_status":"closed","template":"","meta":{"footnotes":""},"class_list":["post-7","page","type-page","status-publish","hentry","entry"],"translation":{"provider":"WPGlobus","version":"2.8.11","language":"pl","enabled_languages":["de","en","fr","it","pl"],"languages":{"de":{"title":true,"content":true,"excerpt":false},"en":{"title":false,"content":false,"excerpt":false},"fr":{"title":false,"content":false,"excerpt":false},"it":{"title":false,"content":false,"excerpt":false},"pl":{"title":false,"content":false,"excerpt":false}}},"uagb_featured_image_src":{"full":false,"thumbnail":false,"medium":false,"medium_large":false,"large":false,"1536x1536":false,"2048x2048":false,"post-thumbnail":false},"uagb_author_info":{"display_name":"Andrea","author_link":"https:\/\/selettra.de\/pl\/author\/andrea\/"},"uagb_comment_info":0,"uagb_excerpt":"Auf den folgenden Seiten\u2026 \u2026haben wir f\u00fcr Sie viele Anleitungen f\u00fcr Selettra-Z\u00fcndungen und die dazugeh\u00f6rigen Komponenten zusammengestellt. In den Artikeln sind Angaben zu Fahrzeugen, Motoren und den Bauteilen von Selettra in Zusammenhang gebracht worden, so dass eine Zuordnung leichter f\u00e4llt. Die Typenliste basiert auf unserer Erfahrung und hat keinen Anspruch auf Vollst\u00e4ndigkeit. Sie ist eine&hellip;&hellip;","_links":{"self":[{"href":"https:\/\/selettra.de\/pl\/wp-json\/wp\/v2\/pages\/7","targetHints":{"allow":["GET"]}}],"collection":[{"href":"https:\/\/selettra.de\/pl\/wp-json\/wp\/v2\/pages"}],"about":[{"href":"https:\/\/selettra.de\/pl\/wp-json\/wp\/v2\/types\/page"}],"author":[{"embeddable":true,"href":"https:\/\/selettra.de\/pl\/wp-json\/wp\/v2\/users\/1"}],"replies":[{"embeddable":true,"href":"https:\/\/selettra.de\/pl\/wp-json\/wp\/v2\/comments?post=7"}],"version-history":[{"count":24,"href":"https:\/\/selettra.de\/pl\/wp-json\/wp\/v2\/pages\/7\/revisions"}],"predecessor-version":[{"id":432,"href":"https:\/\/selettra.de\/pl\/wp-json\/wp\/v2\/pages\/7\/revisions\/432"}],"wp:attachment":[{"href":"https:\/\/selettra.de\/pl\/wp-json\/wp\/v2\/media?parent=7"}],"curies":[{"name":"wp","href":"https:\/\/api.w.org\/{rel}","templated":true}]}}