{"id":37,"date":"2021-11-10T15:37:56","date_gmt":"2021-11-10T14:37:56","guid":{"rendered":"https:\/\/selettra.de\/?page_id=37"},"modified":"2022-05-19T11:54:18","modified_gmt":"2022-05-19T09:54:18","slug":"allgemeine-technik-infos","status":"publish","type":"page","link":"https:\/\/selettra.de\/pl\/allgemeine-technik-infos\/","title":{"rendered":"Og\u00f3lne informacje techniczne"},"content":{"rendered":"\n<h2 class=\"wp-block-heading\">Zasada dzia\u0142ania zap\u0142onu wewn\u0105trzwirnikowego Selettra<\/h2>\n\n\n\n<p>W przypadku zaprezentowanej tu instalacji zap\u0142onu, w gr\u0119 wchodzi zap\u0142on CDI (Capacitive Discharge Ignition &#8211; Pojemno\u015bciowy Zap\u0142on Wy\u0142adowczy).<br>Zap\u0142on dzia\u0142a niezale\u017cnie od pozosta\u0142ej cz\u0119\u015bci uk\u0142adu elektrycznego pojazdu (akumulatora) i wytwarza pr\u0105d do procesu zap\u0142onu poprzez sam wirnik i stojan.<br>Zap\u0142on CDI jest ca\u0142kowicie bezobs\u0142ugowy. Uk\u0142ad elektroniczny steruje roz\u0142adowaniem napi\u0119cia zap\u0142onowego.<br>Nie ma potrzeby regulacji i wymiany przerywacza mechanicznego. Zap\u0142on nale\u017cy wyregulowa\u0107 i ustawi\u0107 tylko raz podczas instalowania. Brak konieczno\u015bci konserwacji, ponownego ustawiania i piel\u0119gnacji systemu.<br>Uk\u0142ad zap\u0142onowy sk\u0142ada si\u0119 z nast\u0119puj\u0105cych 3 element\u00f3w: <\/p>\n\n\n\n<ul class=\"wp-block-list\"><li>cewka zap\u0142onowa<\/li><li>stojan<\/li><li>wirnik<\/li><\/ul>\n\n\n\n<figure class=\"wp-block-image size-large\"><img loading=\"lazy\" decoding=\"async\" width=\"1024\" height=\"683\" src=\"https:\/\/selettra.de\/wp-content\/uploads\/2022\/03\/DSC04987-2-Bearbeitet-1024x683.jpg\" alt=\"\" class=\"wp-image-96\" srcset=\"https:\/\/selettra.de\/wp-content\/uploads\/2022\/03\/DSC04987-2-Bearbeitet-1024x683.jpg 1024w, https:\/\/selettra.de\/wp-content\/uploads\/2022\/03\/DSC04987-2-Bearbeitet-300x200.jpg 300w, https:\/\/selettra.de\/wp-content\/uploads\/2022\/03\/DSC04987-2-Bearbeitet-768x512.jpg 768w, https:\/\/selettra.de\/wp-content\/uploads\/2022\/03\/DSC04987-2-Bearbeitet-1536x1024.jpg 1536w, https:\/\/selettra.de\/wp-content\/uploads\/2022\/03\/DSC04987-2-Bearbeitet-2048x1365.jpg 2048w, https:\/\/selettra.de\/wp-content\/uploads\/2022\/03\/DSC04987-2-Bearbeitet-2010x1340.jpg 2010w\" sizes=\"auto, (max-width: 1024px) 100vw, 1024px\" \/><\/figure>\n\n\n\n<h4 class=\"wp-block-heading\">Proces \u0142adowania i roz\u0142adowywania<\/h4>\n\n\n\n<p>Wirnik i stojan s\u0105 wyposa\u017cone w 2 silne magnesy.<br>Poprzez obracanie wa\u0142u korbowego, a tym samym wirnika, magnesy wytwarzaj\u0105 napi\u0119cie elektryczne.<br>Cewka \u0142aduj\u0105ca w stojanie \u0142aduje kondensator w cewce zap\u0142onowej. Na sygna\u0142 uk\u0142adu elektronicznego napi\u0119cie jest roz\u0142adowywane przez \u015bwiec\u0119 zap\u0142onow\u0105.<br>System ten mo\u017ce by\u0107 stosowany uniwersalnie w ka\u017cdym silniku.<\/p>\n\n\n\n<h4 class=\"wp-block-heading\">Dane techniczne uk\u0142adu zap\u0142onowego<\/h4>\n\n\n\n<p>Pr\u0119dko\u015b\u0107 maksymalna: 27.000 obr\/min (elektrycznie i mechanicznie).<\/p>\n\n\n\n<h4 class=\"wp-block-heading\">Cewka zap\u0142onowa Selettra<\/h4>\n\n\n\n<p>Najwa\u017cniejszym elementem uk\u0142adu zap\u0142onowego jest cewka zap\u0142onowa. Zintegrowana elektronika kieruje i steruje czasem wy\u0142adowania poprzez zapisan\u0105 krzyw\u0105 zap\u0142onu.<br>Krzywa ta ma decyduj\u0105cy wp\u0142yw na moc silnika, jego maksymaln\u0105 pr\u0119dko\u015b\u0107 obrotow\u0105 i charakterystyk\u0119 reakcji.<br>Dlatego wa\u017cne jest, aby krzywa zap\u0142onu by\u0142a dostosowana do charakterystyki silnika.<br>W przeciwnym razie mo\u017ce doj\u015b\u0107 do uszkodzenia silnika lub braku mocy.<br>Dane potrzebne do zam\u00f3wienia mo\u017cna odczyta\u0107 ze specyfikacji stojana lub wirnika oraz z wykres\u00f3w.<br>Przy doborze nale\u017cy zawsze bra\u0107 pod uwag\u0119 wymagania techniczne (wymiary monta\u017cowe) i charakterystyk\u0119 silnika. W niekt\u00f3rych przypadkach istnieje mo\u017cliwo\u015b\u0107 wyboru pomi\u0119dzy r\u00f3\u017cnymi po\u0142\u0105czeniami wtykowymi.<br>Poszczeg\u00f3lne wtyki nie maj\u0105 wp\u0142ywu na zap\u0142on. Jedynie, zgodne musi by\u0107 po\u0142\u0105czenie wtykowe stojana i cewki.<\/p>\n","protected":false},"excerpt":{"rendered":"<p>Zasada dzia\u0142ania zap\u0142onu wewn\u0105trzwirnikowego Selettra W przypadku zaprezentowanej tu instalacji zap\u0142onu, w gr\u0119 wchodzi zap\u0142on CDI (Capacitive Discharge Ignition &#8211; Pojemno\u015bciowy Zap\u0142on Wy\u0142adowczy).Zap\u0142on dzia\u0142a niezale\u017cnie od pozosta\u0142ej cz\u0119\u015bci uk\u0142adu elektrycznego pojazdu (akumulatora) i wytwarza pr\u0105d do procesu zap\u0142onu poprzez sam wirnik i stojan.Zap\u0142on CDI jest ca\u0142kowicie bezobs\u0142ugowy. Uk\u0142ad elektroniczny steruje roz\u0142adowaniem napi\u0119cia zap\u0142onowego.Nie ma potrzeby&hellip; <a class=\"more-link\" href=\"https:\/\/selettra.de\/pl\/allgemeine-technik-infos\/\">Czytaj dalej <span class=\"screen-reader-text\">Og\u00f3lne informacje techniczne<\/span><\/a><\/p>\n","protected":false},"author":1,"featured_media":0,"parent":0,"menu_order":0,"comment_status":"closed","ping_status":"closed","template":"","meta":{"footnotes":""},"class_list":["post-37","page","type-page","status-publish","hentry","entry"],"translation":{"provider":"WPGlobus","version":"2.8.11","language":"pl","enabled_languages":["de","en","fr","it","pl"],"languages":{"de":{"title":true,"content":true,"excerpt":false},"en":{"title":true,"content":true,"excerpt":false},"fr":{"title":true,"content":true,"excerpt":false},"it":{"title":true,"content":true,"excerpt":false},"pl":{"title":true,"content":true,"excerpt":false}}},"uagb_featured_image_src":{"full":false,"thumbnail":false,"medium":false,"medium_large":false,"large":false,"1536x1536":false,"2048x2048":false,"post-thumbnail":false},"uagb_author_info":{"display_name":"Andrea","author_link":"https:\/\/selettra.de\/pl\/author\/andrea\/"},"uagb_comment_info":0,"uagb_excerpt":"Zasada dzia\u0142ania zap\u0142onu wewn\u0105trzwirnikowego Selettra W przypadku zaprezentowanej tu instalacji zap\u0142onu, w gr\u0119 wchodzi zap\u0142on CDI (Capacitive Discharge Ignition &#8211; Pojemno\u015bciowy Zap\u0142on Wy\u0142adowczy).Zap\u0142on dzia\u0142a niezale\u017cnie od pozosta\u0142ej cz\u0119\u015bci uk\u0142adu elektrycznego pojazdu (akumulatora) i wytwarza pr\u0105d do procesu zap\u0142onu poprzez sam wirnik i stojan.Zap\u0142on CDI jest ca\u0142kowicie bezobs\u0142ugowy. Uk\u0142ad elektroniczny steruje roz\u0142adowaniem napi\u0119cia zap\u0142onowego.Nie ma potrzeby&hellip;&hellip;","_links":{"self":[{"href":"https:\/\/selettra.de\/pl\/wp-json\/wp\/v2\/pages\/37","targetHints":{"allow":["GET"]}}],"collection":[{"href":"https:\/\/selettra.de\/pl\/wp-json\/wp\/v2\/pages"}],"about":[{"href":"https:\/\/selettra.de\/pl\/wp-json\/wp\/v2\/types\/page"}],"author":[{"embeddable":true,"href":"https:\/\/selettra.de\/pl\/wp-json\/wp\/v2\/users\/1"}],"replies":[{"embeddable":true,"href":"https:\/\/selettra.de\/pl\/wp-json\/wp\/v2\/comments?post=37"}],"version-history":[{"count":19,"href":"https:\/\/selettra.de\/pl\/wp-json\/wp\/v2\/pages\/37\/revisions"}],"predecessor-version":[{"id":410,"href":"https:\/\/selettra.de\/pl\/wp-json\/wp\/v2\/pages\/37\/revisions\/410"}],"wp:attachment":[{"href":"https:\/\/selettra.de\/pl\/wp-json\/wp\/v2\/media?parent=37"}],"curies":[{"name":"wp","href":"https:\/\/api.w.org\/{rel}","templated":true}]}}