{"id":247,"date":"2022-03-29T17:27:15","date_gmt":"2022-03-29T15:27:15","guid":{"rendered":"https:\/\/selettra.de\/?page_id=247"},"modified":"2022-03-29T17:27:15","modified_gmt":"2022-03-29T15:27:15","slug":"impressum","status":"publish","type":"page","link":"https:\/\/selettra.de\/pl\/impressum\/","title":{"rendered":"Impressum"},"content":{"rendered":"\n<p>Gesch\u00e4ftsf\u00fchrer: Imanuel Schramm<br>Wellmutsweiler 10<br>D \u2013 88069 Tettnang<br>Telefon: +49 7528 921 994<br>Mobile: +49 171 3639937<br>Telefax: +49 7528 9158 277<br>E-Mail: info@dmon-parts.de<br>Internet: www.selettra.de<\/p>\n\n\n\n<p>Umsatzsteuer-Identifikationsnummer gem\u00e4\u00df \u00a7 27 a Umsatzsteuergesetz: DE 81 351 55 70<br>Finanzamt Friedrichshafen<br>Gerichtsstand und Erf\u00fcllungsort: Amtsgericht Tettnang, 88069 Tettnang<\/p>\n\n\n\n<p><strong>Haftungshinweis:<\/strong> Trotz sorgf\u00e4ltiger inhaltlicher Kontrolle \u00fcbernehmen wir keine Haftung f\u00fcr die Inhalte externer Links. F\u00fcr den Inhalt der verlinkten Seiten sind ausschlie\u00dflich deren Betreiber verantwortlich.<\/p>\n","protected":false},"excerpt":{"rendered":"<p>Gesch\u00e4ftsf\u00fchrer: Imanuel SchrammWellmutsweiler 10D \u2013 88069 TettnangTelefon: +49 7528 921 994Mobile: +49 171 3639937Telefax: +49 7528 9158 277E-Mail: info@dmon-parts.deInternet: www.selettra.de Umsatzsteuer-Identifikationsnummer gem\u00e4\u00df \u00a7 27 a Umsatzsteuergesetz: DE 81 351 55 70Finanzamt FriedrichshafenGerichtsstand und Erf\u00fcllungsort: Amtsgericht Tettnang, 88069 Tettnang Haftungshinweis: Trotz sorgf\u00e4ltiger inhaltlicher Kontrolle \u00fcbernehmen wir keine Haftung f\u00fcr die Inhalte externer Links. F\u00fcr den Inhalt&hellip; <a class=\"more-link\" href=\"https:\/\/selettra.de\/pl\/impressum\/\">Czytaj dalej <span class=\"screen-reader-text\">Impressum<\/span><\/a><\/p>\n","protected":false},"author":1,"featured_media":0,"parent":0,"menu_order":0,"comment_status":"closed","ping_status":"closed","template":"","meta":{"footnotes":""},"class_list":["post-247","page","type-page","status-publish","hentry","entry"],"translation":{"provider":"WPGlobus","version":"2.8.11","language":"pl","enabled_languages":["de","en","fr","it","pl"],"languages":{"de":{"title":true,"content":true,"excerpt":false},"en":{"title":false,"content":false,"excerpt":false},"fr":{"title":false,"content":false,"excerpt":false},"it":{"title":false,"content":false,"excerpt":false},"pl":{"title":false,"content":false,"excerpt":false}}},"uagb_featured_image_src":{"full":false,"thumbnail":false,"medium":false,"medium_large":false,"large":false,"1536x1536":false,"2048x2048":false,"post-thumbnail":false},"uagb_author_info":{"display_name":"Andrea","author_link":"https:\/\/selettra.de\/pl\/author\/andrea\/"},"uagb_comment_info":0,"uagb_excerpt":"Gesch\u00e4ftsf\u00fchrer: Imanuel SchrammWellmutsweiler 10D \u2013 88069 TettnangTelefon: +49 7528 921 994Mobile: +49 171 3639937Telefax: +49 7528 9158 277E-Mail: info@dmon-parts.deInternet: www.selettra.de Umsatzsteuer-Identifikationsnummer gem\u00e4\u00df \u00a7 27 a Umsatzsteuergesetz: DE 81 351 55 70Finanzamt FriedrichshafenGerichtsstand und Erf\u00fcllungsort: Amtsgericht Tettnang, 88069 Tettnang Haftungshinweis: Trotz sorgf\u00e4ltiger inhaltlicher Kontrolle \u00fcbernehmen wir keine Haftung f\u00fcr die Inhalte externer Links. F\u00fcr den Inhalt&hellip;&hellip;","_links":{"self":[{"href":"https:\/\/selettra.de\/pl\/wp-json\/wp\/v2\/pages\/247","targetHints":{"allow":["GET"]}}],"collection":[{"href":"https:\/\/selettra.de\/pl\/wp-json\/wp\/v2\/pages"}],"about":[{"href":"https:\/\/selettra.de\/pl\/wp-json\/wp\/v2\/types\/page"}],"author":[{"embeddable":true,"href":"https:\/\/selettra.de\/pl\/wp-json\/wp\/v2\/users\/1"}],"replies":[{"embeddable":true,"href":"https:\/\/selettra.de\/pl\/wp-json\/wp\/v2\/comments?post=247"}],"version-history":[{"count":1,"href":"https:\/\/selettra.de\/pl\/wp-json\/wp\/v2\/pages\/247\/revisions"}],"predecessor-version":[{"id":248,"href":"https:\/\/selettra.de\/pl\/wp-json\/wp\/v2\/pages\/247\/revisions\/248"}],"wp:attachment":[{"href":"https:\/\/selettra.de\/pl\/wp-json\/wp\/v2\/media?parent=247"}],"curies":[{"name":"wp","href":"https:\/\/api.w.org\/{rel}","templated":true}]}}