{"id":43,"date":"2021-11-10T17:15:49","date_gmt":"2021-11-10T16:15:49","guid":{"rendered":"https:\/\/selettra.de\/?page_id=43"},"modified":"2022-03-31T09:38:12","modified_gmt":"2022-03-31T07:38:12","slug":"pruefen-der-selettra-zuendung","status":"publish","type":"page","link":"https:\/\/selettra.de\/it\/pruefen-der-selettra-zuendung\/","title":{"rendered":"Pr\u00fcfen der Selettra Z\u00fcndung"},"content":{"rendered":"\n<p>Einige der Selettra -Bauteile k\u00f6nnen einer Widerstandspr\u00fcfung unterzogen werden.<br>Ein digitales Ohmmeter sollte verwendet werden, um Selettra-Z\u00fcndungskomponenten zu pr\u00fcfen. Verwenden Sie kein analoges Messger\u00e4t, da es nicht genau genug ist.<\/p>\n\n\n\n<div class=\"wp-block-uagb-inline-notice uagb-inline_notice__outer-wrap uagb-inline_notice__align-left uagb-block-3918f108\"><h4 class=\"uagb-notice-title\">Hinweis<\/h4><div class=\"uagb-notice-text\"><p>Pr\u00fcfen Sie die Bauteile nicht, wenn sie noch hei\u00df sind! Sie m\u00fcssen die Bauteile auf Raumtemperatur abk\u00fchlen lassen, bevor Sie sie gepr\u00fcft werden!<\/p><\/div><\/div>\n\n\n\n<p>Stecken Sie jeweils einen Messf\u00fchler in die Enden der beidenDr\u00e4hte, nachdem sie von der Statorspule abgeklemmt wurden.<br>Bei einem analogen Stator ist es unerheblich, welcher Messf\u00fchler an welchem Draht verwendet wird.<br><\/p>\n\n\n\n<div class=\"wp-block-uagb-inline-notice uagb-inline_notice__outer-wrap uagb-inline_notice__align-left uagb-block-f3a57c18\"><h4 class=\"uagb-notice-title\">Hinweis:<\/h4><div class=\"uagb-notice-text\"><p>Pr\u00fcfen Sie bei der Z\u00fcndspulenpr\u00fcfung direkt am Z\u00fcndkabel und nicht \u00fcber den Z\u00fcndkerzenstecker.<\/p><\/div><\/div>\n\n\n\n<p>Einheiten k\u00f6nnen mit Testergebnissen leicht \u00fcber dem empfohlenen Bereich betrieben werden.<br>Wenn die Messwerte im unteren Bereich der Skala liegen, das System jedoch ordnungsgem\u00e4\u00df funktioniert, kann von einer Sch\u00e4digung ausgegangen werden.<br>Das Bauteil sollte sicherheitshalber durch ein neues ersetzt werden, da von einem kurzfristigen Totalausfall ausgegangen werden kann.<\/p>\n\n\n\n<h5 class=\"wp-block-heading\">Empfohlener Bereich<\/h5>\n\n\n\n<figure class=\"wp-block-table is-style-regular\"><table><tbody><tr><td>Stator Typ<\/td><td>Messwert<br>(Messung mit Gleichspannung bei ca. 20\u00b0C)<\/td><td>Anzahl der Windungen<\/td><\/tr><tr><td>KZ 2200 90\/94 48mm<\/td><td>102 Ohm \u00b1 10%<\/td><td>2200 Windungen<\/td><\/tr><tr><td>KZ 3200 90\/94 48mm<\/td><td>162 Ohm \u00b1 10%<\/td><td>3200 Windungen<\/td><\/tr><tr><td>P3356 90\/94 58 mm <\/td><td>115 Ohm \u00b1 10% <\/td><td>2700 Windungen<\/td><\/tr><tr><td>NO2019 90\/94 034-IG-14<\/td><td>57 Ohm \u00b1 10%<\/td><td>2400 Windungen<\/td><\/tr><tr><td>A11 90\/94 58mm<\/td><td>200 Ohm \u00b1 10% ca. 180 &#8211; 220 Ohm <\/td><td>3700 Windungen<\/td><\/tr><tr><td>Mini 034-IG-75 <\/td><td>80 Ohm \u00b1 10% ca. 216,6 &#8211; 239,4 Ohm<\/td><td><\/td><\/tr><\/tbody><\/table><\/figure>\n\n\n\n<p>Bauteile, an denen keine Widerstandspr\u00fcfung vorgenommen werden kann und die zur genauen Pr\u00fcfung eingeschickt werden m\u00fcssen:<\/p>\n\n\n\n<h5 class=\"wp-block-heading\">Markierungen der verschiedenen Selettra Systeme:<\/h5>\n\n\n\n<div class=\"wp-block-group alignwide\"><div class=\"wp-block-group__inner-container is-layout-flow wp-block-group-is-layout-flow\">\n<h5 class=\"wp-block-heading\">Selettra KZ10 analog<\/h5>\n\n\n\n<div class=\"wp-block-group alignwide\"><div class=\"wp-block-group__inner-container is-layout-flow wp-block-group-is-layout-flow\">\n<div class=\"wp-block-media-text alignwide is-stacked-on-mobile\"><figure class=\"wp-block-media-text__media\"><img loading=\"lazy\" decoding=\"async\" width=\"944\" height=\"629\" src=\"https:\/\/selettra.de\/wp-content\/uploads\/2022\/03\/grafik.png\" alt=\"\" class=\"wp-image-200 size-full\" srcset=\"https:\/\/selettra.de\/wp-content\/uploads\/2022\/03\/grafik.png 944w, https:\/\/selettra.de\/wp-content\/uploads\/2022\/03\/grafik-300x200.png 300w, https:\/\/selettra.de\/wp-content\/uploads\/2022\/03\/grafik-768x512.png 768w\" sizes=\"auto, (max-width: 944px) 100vw, 944px\" \/><\/figure><div class=\"wp-block-media-text__content\">\n<p>Stator 2200 Wdg 90 mm DMon 00131230<br>Stator 2200 Wdg 94 mm DMon 00131231<br>Stator 3200 Wdg 90 mm DMon 00131228<br>Stator 3200 Wdg 94 mm DMon 00131229<br>Spule A10 DMon 00131222<br>Spule A20 DMon 00131459<br>Spule A2 DMon 00131215<br>Rotor 48 mm R041029<br>Grundeinstellung: z.B. 20 \u2013 25 Grad vor OT. <\/p>\n\n\n\n<p>Siehe Diagramm oben<br><\/p>\n\n\n\n<p class=\"has-large-font-size\"><\/p>\n<\/div><\/div>\n<\/div><\/div>\n<\/div><\/div>\n\n\n\n<hr class=\"wp-block-separator is-style-twentytwentyone-separator-thick\"\/>\n\n\n\n<div style=\"height:100px\" aria-hidden=\"true\" class=\"wp-block-spacer\"><\/div>\n\n\n\n<h5 class=\"wp-block-heading\">Selettra KZ10 digital 2 Takter<\/h5>\n\n\n\n<div class=\"wp-block-media-text alignwide is-stacked-on-mobile\"><figure class=\"wp-block-media-text__media\"><img loading=\"lazy\" decoding=\"async\" width=\"944\" height=\"629\" src=\"https:\/\/selettra.de\/wp-content\/uploads\/2022\/03\/grafik-1.png\" alt=\"\" class=\"wp-image-208 size-full\" srcset=\"https:\/\/selettra.de\/wp-content\/uploads\/2022\/03\/grafik-1.png 944w, https:\/\/selettra.de\/wp-content\/uploads\/2022\/03\/grafik-1-300x200.png 300w, https:\/\/selettra.de\/wp-content\/uploads\/2022\/03\/grafik-1-768x512.png 768w\" sizes=\"auto, (max-width: 944px) 100vw, 944px\" \/><\/figure><div class=\"wp-block-media-text__content\">\n<p>Stator 3200 Wdg 90 mm DMon 00131228<br>Stator 3200 Wdg 94 mm DMon 00131229<br><br>Spule KZ10 Digital DMon 00131232 0301256001\/0301256002<br><br>Rotor 48 mm R041029<br>Grundeinstellung: Kolben auf OT.<\/p>\n<\/div><\/div>\n\n\n\n<hr class=\"wp-block-separator is-style-twentytwentyone-separator-thick\"\/>\n\n\n\n<div style=\"height:100px\" aria-hidden=\"true\" class=\"wp-block-spacer\"><\/div>\n\n\n\n<h5 class=\"wp-block-heading\">Selettra KZ10 digital 4 Takter<\/h5>\n\n\n\n<div class=\"wp-block-media-text alignwide is-stacked-on-mobile\"><figure class=\"wp-block-media-text__media\"><img loading=\"lazy\" decoding=\"async\" width=\"944\" height=\"629\" src=\"https:\/\/selettra.de\/wp-content\/uploads\/2022\/03\/grafik-2.png\" alt=\"\" class=\"wp-image-211 size-full\" srcset=\"https:\/\/selettra.de\/wp-content\/uploads\/2022\/03\/grafik-2.png 944w, https:\/\/selettra.de\/wp-content\/uploads\/2022\/03\/grafik-2-300x200.png 300w, https:\/\/selettra.de\/wp-content\/uploads\/2022\/03\/grafik-2-768x512.png 768w\" sizes=\"auto, (max-width: 944px) 100vw, 944px\" \/><\/figure><div class=\"wp-block-media-text__content\">\n<p>Stator 3200 Wdg 90 mm DMon 00131228<br>Stator 3200 Wdg 94 mm DMon 00131229<\/p>\n\n\n\n<p>Spule KZ10 Digital DMon 00131232 \u2013 0301256001\/0301256002<\/p>\n\n\n\n<p>Rotor 48 mm R041029<br>Grundeinstellung: Kolben auf OT. (T.D.C.)<\/p>\n<\/div><\/div>\n\n\n\n<hr class=\"wp-block-separator is-style-twentytwentyone-separator-thick\"\/>\n\n\n\n<div style=\"height:100px\" aria-hidden=\"true\" class=\"wp-block-spacer\"><\/div>\n\n\n\n<div class=\"wp-block-group alignwide\"><div class=\"wp-block-group__inner-container is-layout-flow wp-block-group-is-layout-flow\">\n<h5 class=\"wp-block-heading\">Selettra NO2019 mit homologiertem Rotor 034-IG-14<\/h5>\n\n\n\n<div class=\"wp-block-media-text alignwide is-stacked-on-mobile\"><figure class=\"wp-block-media-text__media\"><img loading=\"lazy\" decoding=\"async\" width=\"944\" height=\"629\" src=\"https:\/\/selettra.de\/wp-content\/uploads\/2022\/03\/grafik-3.png\" alt=\"\" class=\"wp-image-218 size-full\" srcset=\"https:\/\/selettra.de\/wp-content\/uploads\/2022\/03\/grafik-3.png 944w, https:\/\/selettra.de\/wp-content\/uploads\/2022\/03\/grafik-3-300x200.png 300w, https:\/\/selettra.de\/wp-content\/uploads\/2022\/03\/grafik-3-768x512.png 768w\" sizes=\"auto, (max-width: 944px) 100vw, 944px\" \/><\/figure><div class=\"wp-block-media-text__content\">\n<p>Stator NO2019 034-IG-14 2400 Wdg 90 mm DMon 00131684<br>Stator NO2019 034-IG-14 2400 Wdg 94 mm DMon 00131685<\/p>\n\n\n\n<p>Spule NO2019 034-IG-14 DMon 00131683<\/p>\n\n\n\n<p>Rotor NO2019 034-IG-14 DMon 00131686 TM,ASPA,LENZO 1:5<br>Rotor NO2019 034-IG-14 DMon 00131687 IAME,VORTEX,SEVERI,SEVEN 1:7,5<\/p>\n\n\n\n<p>Grundeinstellung: z.B. 20 \u2013 25 Grad vor OT. <\/p>\n\n\n\n<p>Siehe Diagramm oben<\/p>\n<\/div><\/div>\n<\/div><\/div>\n\n\n\n<hr class=\"wp-block-separator is-style-twentytwentyone-separator-thick\"\/>\n\n\n\n<div style=\"height:100px\" aria-hidden=\"true\" class=\"wp-block-spacer\"><\/div>\n\n\n\n<div class=\"wp-block-group alignwide\"><div class=\"wp-block-group__inner-container is-layout-flow wp-block-group-is-layout-flow\">\n<h5 class=\"wp-block-heading\">Selettra NO2019 mit Rotor P3356 ohne Homologation<\/h5>\n\n\n\n<div class=\"wp-block-media-text alignwide is-stacked-on-mobile\"><figure class=\"wp-block-media-text__media\"><img loading=\"lazy\" decoding=\"async\" width=\"944\" height=\"629\" src=\"https:\/\/selettra.de\/wp-content\/uploads\/2022\/03\/grafik-4.png\" alt=\"\" class=\"wp-image-222 size-full\" srcset=\"https:\/\/selettra.de\/wp-content\/uploads\/2022\/03\/grafik-4.png 944w, https:\/\/selettra.de\/wp-content\/uploads\/2022\/03\/grafik-4-300x200.png 300w, https:\/\/selettra.de\/wp-content\/uploads\/2022\/03\/grafik-4-768x512.png 768w\" sizes=\"auto, (max-width: 944px) 100vw, 944px\" \/><\/figure><div class=\"wp-block-media-text__content\">\n<p>Stator NO2019 034-IG-14 2400 Wdg 90 mm DMon 00131684<br>Stator NO2019 034-IG-14 2400 Wdg 94 mm DMon 00131685<\/p>\n\n\n\n<p>Spule NO2019 034-IG-14 DMon 00131683<br>Rotor P3356<\/p>\n\n\n\n<p>Grundeinstellung: z.B. 20 \u2013 25 Grad vor OT. <\/p>\n\n\n\n<p>Siehe Diagramm oben<\/p>\n<\/div><\/div>\n<\/div><\/div>\n\n\n\n<hr class=\"wp-block-separator is-style-twentytwentyone-separator-thick\"\/>\n\n\n\n<div style=\"height:100px\" aria-hidden=\"true\" class=\"wp-block-spacer\"><\/div>\n\n\n\n<div class=\"wp-block-group alignwide\"><div class=\"wp-block-group__inner-container is-layout-flow wp-block-group-is-layout-flow\">\n<h5 class=\"wp-block-heading\">Selettra NO2019 mit digitaler Spule<\/h5>\n\n\n\n<div class=\"wp-block-media-text alignwide is-stacked-on-mobile\"><figure class=\"wp-block-media-text__media\"><img loading=\"lazy\" decoding=\"async\" width=\"944\" height=\"629\" src=\"https:\/\/selettra.de\/wp-content\/uploads\/2022\/03\/grafik-5.png\" alt=\"\" class=\"wp-image-223 size-full\" srcset=\"https:\/\/selettra.de\/wp-content\/uploads\/2022\/03\/grafik-5.png 944w, https:\/\/selettra.de\/wp-content\/uploads\/2022\/03\/grafik-5-300x200.png 300w, https:\/\/selettra.de\/wp-content\/uploads\/2022\/03\/grafik-5-768x512.png 768w\" sizes=\"auto, (max-width: 944px) 100vw, 944px\" \/><\/figure><div class=\"wp-block-media-text__content\">\n<p>Selettra NO2019 mit Rotor P3356 ohne Homologation<br>Stator NO2019 034-IG-14 2400 Wdg 90 mm DMon 00131684<br>Stator NO2019 034-IG-14 2400 Wdg 94 mm DMon 00131685<\/p>\n\n\n\n<p>Digitale Spule NO2019 mit 2 Z\u00fcndkurven und RPM Limiter DMon 00131930 &#8211; 0301256003<\/p>\n\n\n\n<p>Rotor P3356<\/p>\n\n\n\n<p>Grundeinstellung: Kolben auf OT. (T.D.C.)<\/p>\n<\/div><\/div>\n<\/div><\/div>\n\n\n\n<hr class=\"wp-block-separator is-style-twentytwentyone-separator-thick\"\/>\n\n\n\n<div style=\"height:100px\" aria-hidden=\"true\" class=\"wp-block-spacer\"><\/div>\n\n\n\n<div class=\"wp-block-group alignwide\"><div class=\"wp-block-group__inner-container is-layout-flow wp-block-group-is-layout-flow\">\n<h5 class=\"wp-block-heading\">Selettra A11 mit Rotor P3356 &#8211; 13\u00b0 Kurve<\/h5>\n\n\n\n<div class=\"wp-block-media-text alignwide is-stacked-on-mobile\"><figure class=\"wp-block-media-text__media\"><img loading=\"lazy\" decoding=\"async\" width=\"944\" height=\"629\" src=\"https:\/\/selettra.de\/wp-content\/uploads\/2022\/03\/grafik-5.png\" alt=\"\" class=\"wp-image-223 size-full\" srcset=\"https:\/\/selettra.de\/wp-content\/uploads\/2022\/03\/grafik-5.png 944w, https:\/\/selettra.de\/wp-content\/uploads\/2022\/03\/grafik-5-300x200.png 300w, https:\/\/selettra.de\/wp-content\/uploads\/2022\/03\/grafik-5-768x512.png 768w\" sizes=\"auto, (max-width: 944px) 100vw, 944px\" \/><\/figure><div class=\"wp-block-media-text__content\">\n<p>Stator A11 3700 Wdg 90 mm DMon 00131932<br>Stator A11 3700 Wdg 94 mm DMon 00131944<\/p>\n\n\n\n<p>Spule A11 DMon 00131931<\/p>\n\n\n\n<p>Rotor P3356<br>Grundeinstellung: z.B. 20 \u2013 25 Grad vor OT. <\/p>\n\n\n\n<p>Siehe Diagramm oben<\/p>\n<\/div><\/div>\n<\/div><\/div>\n","protected":false},"excerpt":{"rendered":"<p>Einige der Selettra -Bauteile k\u00f6nnen einer Widerstandspr\u00fcfung unterzogen werden.Ein digitales Ohmmeter sollte verwendet werden, um Selettra-Z\u00fcndungskomponenten zu pr\u00fcfen. Verwenden Sie kein analoges Messger\u00e4t, da es nicht genau genug ist. Stecken Sie jeweils einen Messf\u00fchler in die Enden der beidenDr\u00e4hte, nachdem sie von der Statorspule abgeklemmt wurden.Bei einem analogen Stator ist es unerheblich, welcher Messf\u00fchler an&hellip; <a class=\"more-link\" href=\"https:\/\/selettra.de\/it\/pruefen-der-selettra-zuendung\/\">Continua a leggere <span class=\"screen-reader-text\">Pr\u00fcfen der Selettra Z\u00fcndung<\/span><\/a><\/p>\n","protected":false},"author":1,"featured_media":0,"parent":0,"menu_order":0,"comment_status":"closed","ping_status":"closed","template":"","meta":{"footnotes":""},"class_list":["post-43","page","type-page","status-publish","hentry","entry"],"translation":{"provider":"WPGlobus","version":"2.8.11","language":"it","enabled_languages":["de","en","fr","it","pl"],"languages":{"de":{"title":true,"content":true,"excerpt":false},"en":{"title":false,"content":true,"excerpt":false},"fr":{"title":false,"content":false,"excerpt":false},"it":{"title":false,"content":false,"excerpt":false},"pl":{"title":false,"content":false,"excerpt":false}}},"uagb_featured_image_src":{"full":false,"thumbnail":false,"medium":false,"medium_large":false,"large":false,"1536x1536":false,"2048x2048":false,"post-thumbnail":false},"uagb_author_info":{"display_name":"Andrea","author_link":"https:\/\/selettra.de\/it\/author\/andrea\/"},"uagb_comment_info":0,"uagb_excerpt":"Einige der Selettra -Bauteile k\u00f6nnen einer Widerstandspr\u00fcfung unterzogen werden.Ein digitales Ohmmeter sollte verwendet werden, um Selettra-Z\u00fcndungskomponenten zu pr\u00fcfen. Verwenden Sie kein analoges Messger\u00e4t, da es nicht genau genug ist. Stecken Sie jeweils einen Messf\u00fchler in die Enden der beidenDr\u00e4hte, nachdem sie von der Statorspule abgeklemmt wurden.Bei einem analogen Stator ist es unerheblich, welcher Messf\u00fchler an&hellip;&hellip;","_links":{"self":[{"href":"https:\/\/selettra.de\/it\/wp-json\/wp\/v2\/pages\/43","targetHints":{"allow":["GET"]}}],"collection":[{"href":"https:\/\/selettra.de\/it\/wp-json\/wp\/v2\/pages"}],"about":[{"href":"https:\/\/selettra.de\/it\/wp-json\/wp\/v2\/types\/page"}],"author":[{"embeddable":true,"href":"https:\/\/selettra.de\/it\/wp-json\/wp\/v2\/users\/1"}],"replies":[{"embeddable":true,"href":"https:\/\/selettra.de\/it\/wp-json\/wp\/v2\/comments?post=43"}],"version-history":[{"count":50,"href":"https:\/\/selettra.de\/it\/wp-json\/wp\/v2\/pages\/43\/revisions"}],"predecessor-version":[{"id":365,"href":"https:\/\/selettra.de\/it\/wp-json\/wp\/v2\/pages\/43\/revisions\/365"}],"wp:attachment":[{"href":"https:\/\/selettra.de\/it\/wp-json\/wp\/v2\/media?parent=43"}],"curies":[{"name":"wp","href":"https:\/\/api.w.org\/{rel}","templated":true}]}}