{"id":39,"date":"2021-11-10T17:07:30","date_gmt":"2021-11-10T16:07:30","guid":{"rendered":"https:\/\/selettra.de\/?page_id=39"},"modified":"2022-03-30T18:13:19","modified_gmt":"2022-03-30T16:13:19","slug":"montageanleitungen","status":"publish","type":"page","link":"https:\/\/selettra.de\/it\/montageanleitungen\/","title":{"rendered":"Istruzioni di montaggio"},"content":{"rendered":"\n<h2 class=\"wp-block-heading\"><strong>Istruzioni di montaggio accensione di competizione Selettra<\/strong><\/h2>\n\n\n\n<p>Montare la bobina in maniera precisa con il pacchetto del lamierino per nuclei (supporto) nel modo migliore appeso sul telaio del veicolo, vedere fissaggio della bobina. Con silentbloc si protegge l&#8217;elettronica dalle oscillazioni del veicolo e dagli urti.<\/p>\n\n\n\n<p>Creare un buon collegamento a massa tra blocco motore e telaio del veicolo tramite un cavo di massa di almeno 4mm\u00b2.<\/p>\n\n\n\n<p>I silentbloc devono essere cavallottati con un cavo di massa separato, altrimenti l&#8217;elettronica viene distrutta in pochi secondi.<\/p>\n\n\n\n<p><em><strong>Non trasmettere mai un momento flettente sul supporto della bobina di accensione. NESSUNA<\/strong><\/em> <em><strong>GARANZIA!<\/strong><\/em><\/p>\n\n\n\n<p>Fissare lo statore tramite i tre fori oblunghi nell&#8217;alloggiamento del motore. Per veicoli in cui viene potenziata l&#8217;accensione di  competizione Selettra, \u00e8 eventualmente necessaria una speciale piastra adattatrice (non in materiale magnetico, il pi\u00f9 possibile non conduttrice di calore per tenere lontano il calore del motore dallo statore).<\/p>\n\n\n\n<p>Il rotore viene posto sul perno laterale dell&#8217;albero manovella. Le impurit\u00e0 devono essere tolte in anticipo, il tronco dell&#8217;albero manovella ed il cono interno del rotore devono essere privi di grasso.<\/p>\n\n\n\n<p>E&#8217; necessario fare attenzione che il rotore sia messo a filo; eventualmente occorre lappare il rotore con una pasta abrasiva sui perni laterali.<\/p>\n\n\n\n<p>Rispettare la posizione dell&#8217;albero manovella, del rotore e dello statore, vedere &#8220;Regolazione dell&#8217;accensione&#8221;.<\/p>\n\n\n\n<p>Collegare tutti i cavi di massa necessari dell&#8217;accensione.<\/p>\n\n\n\n<p>Collegare il collegamento dello statore alla bobina. Collegare il commutatore di accensione e, per accensioni con 2 curve di accensione, collegare il selettore della curva di accensione.<\/p>\n\n\n\n<p>Nello sport di competizione come interruttore di sicurezza viene spesso utilizzato un interruttore a strappo, eventualmente pu\u00f2 essere utilizzato come commutatore per la seconda curva di accensione programmata.<\/p>\n\n\n\n<p>Funzionamento dell&#8217;interruttore a strappo (Quickstop, arresto di emergenza): <br>Se il cavo di collegamento viene collegato a massa, l&#8217;accensione \u00e8 spenta. Se non \u00e8 collegata, l&#8217;accensione \u00e8 pronta per il funzionamento.<\/p>\n\n\n\n<p>In caso di accensioni con 2 curve di accensione viene attivata la 2a curva di accensione, se il cavo di collegamento viene collegato a massa. Se il cavo non \u00e8 collegato, la 1a curva di accensione \u00e8 attiva.<\/p>\n\n\n\n<p>In caso di accensioni Selettra durante il funzionamento \u00e8 possibile commutare tra le curve di accensione.<\/p>\n\n\n\n<p>In caso di impianti di accensione digitali si raccomanda un cappuccio per candela di accensione schermato da 5 kOhm!<\/p>\n\n\n\n<p>In alternativa, \u00e8 possibile utilizzare candele con soppressione delle interferenze radio, questi articoli sono disponibili nel nostro Dmon-Parts Shop.<\/p>\n\n\n\n<p>Avvitare il cappuccio per candela di accensione nel cavo di accensione e mettere il cappuccio per candela di accensione sulla candela di accensione montata.<\/p>\n\n\n\n<p>Calcoli esemplificativi dal calcolo di fasatura V1.1 (Christoph K\u00f6hler):<\/p>\n\n\n\n<p><strong>Motore tipo: Grado angolo di manovella<\/strong><\/p>\n\n\n\n<p><strong>prima PMS<\/strong><\/p>\n\n\n\n<p><strong>Posizione del pistone in mm<\/strong><\/p>\n\n\n\n<p><strong>prima PMS<\/strong><\/p>\n\n\n\n<p><strong>Moto 500cc<\/strong><\/p>\n\n\n\n<p>Corsa 86 mm<\/p>\n\n\n\n<p>Lunghezza biella 160 mm<\/p>\n\n\n\n<p>10\u00b0 0,8 mm<\/p>\n\n\n\n<p>20\u00b0 3,2 mm<\/p>\n\n\n\n<p>30\u00b0 7,2 mm<\/p>\n\n\n\n<p><strong>Moto 250cc<\/strong><\/p>\n\n\n\n<p>Corsa 68 mm<\/p>\n\n\n\n<p>Lunghezza biella 130 mm<\/p>\n\n\n\n<p>10\u00b0 0,5 mm<\/p>\n\n\n\n<p>20\u00b0 2,7 mm<\/p>\n\n\n\n<p>30\u00b0 5,6 mm<\/p>\n\n\n\n<p><strong>Moto 125cc<\/strong><\/p>\n\n\n\n<p>Corsa 54 mm<\/p>\n\n\n\n<p>Lunghezza biella 110 mm<\/p>\n\n\n\n<p>10\u00b0 0,5 mm<\/p>\n\n\n\n<p>20\u00b0 2,0 mm<\/p>\n\n\n\n<p>30\u00b0 4,4 mm<\/p>\n\n\n\n<p><strong>Ciclomotore 50cc<\/strong><\/p>\n\n\n\n<p>Corsa 44 mm<\/p>\n\n\n\n<p>Lunghezza biella 85 mm<\/p>\n\n\n\n<p>10\u00b0 0,4 mm<\/p>\n\n\n\n<p>20\u00b0 1,6 mm<\/p>\n\n\n\n<p>30\u00b0 3,6 mm<\/p>\n\n\n\n<p><strong>Scooter 50cc<\/strong><\/p>\n\n\n\n<p>Corsa 40 mm<\/p>\n\n\n\n<p>Lunghezza biella 80 mm<\/p>\n\n\n\n<p>10\u00b0 0,4 mm<\/p>\n\n\n\n<p>20\u00b0 1,5 mm<\/p>\n\n\n\n<p>30\u00b0 3,3 mm<\/p>\n\n\n\n<p><em><strong>Dati esemplificativi senza garanzia!<\/strong><\/em><\/p>\n\n\n\n<p>Per rilevare i lampi dell&#8217;accensione Selettra si raccomanda di utilizzare la lampada a lampo stroboscopica della Bosch con numero 0 684 100 309 &#8211; 424<\/p>\n","protected":false},"excerpt":{"rendered":"<p>Istruzioni di montaggio accensione di competizione Selettra Montare la bobina in maniera precisa con il pacchetto del lamierino per nuclei (supporto) nel modo migliore appeso sul telaio del veicolo, vedere fissaggio della bobina. Con silentbloc si protegge l&#8217;elettronica dalle oscillazioni del veicolo e dagli urti. Creare un buon collegamento a massa tra blocco motore e&hellip; <a class=\"more-link\" href=\"https:\/\/selettra.de\/it\/montageanleitungen\/\">Continua a leggere <span class=\"screen-reader-text\">Istruzioni di montaggio<\/span><\/a><\/p>\n","protected":false},"author":1,"featured_media":0,"parent":0,"menu_order":0,"comment_status":"closed","ping_status":"closed","template":"","meta":{"footnotes":""},"class_list":["post-39","page","type-page","status-publish","hentry","entry"],"translation":{"provider":"WPGlobus","version":"2.8.11","language":"it","enabled_languages":["de","en","fr","it","pl"],"languages":{"de":{"title":true,"content":true,"excerpt":false},"en":{"title":true,"content":true,"excerpt":false},"fr":{"title":true,"content":true,"excerpt":false},"it":{"title":true,"content":true,"excerpt":false},"pl":{"title":true,"content":true,"excerpt":false}}},"uagb_featured_image_src":{"full":false,"thumbnail":false,"medium":false,"medium_large":false,"large":false,"1536x1536":false,"2048x2048":false,"post-thumbnail":false},"uagb_author_info":{"display_name":"Andrea","author_link":"https:\/\/selettra.de\/it\/author\/andrea\/"},"uagb_comment_info":0,"uagb_excerpt":"Istruzioni di montaggio accensione di competizione Selettra Montare la bobina in maniera precisa con il pacchetto del lamierino per nuclei (supporto) nel modo migliore appeso sul telaio del veicolo, vedere fissaggio della bobina. Con silentbloc si protegge l&#8217;elettronica dalle oscillazioni del veicolo e dagli urti. Creare un buon collegamento a massa tra blocco motore e&hellip;&hellip;","_links":{"self":[{"href":"https:\/\/selettra.de\/it\/wp-json\/wp\/v2\/pages\/39","targetHints":{"allow":["GET"]}}],"collection":[{"href":"https:\/\/selettra.de\/it\/wp-json\/wp\/v2\/pages"}],"about":[{"href":"https:\/\/selettra.de\/it\/wp-json\/wp\/v2\/types\/page"}],"author":[{"embeddable":true,"href":"https:\/\/selettra.de\/it\/wp-json\/wp\/v2\/users\/1"}],"replies":[{"embeddable":true,"href":"https:\/\/selettra.de\/it\/wp-json\/wp\/v2\/comments?post=39"}],"version-history":[{"count":14,"href":"https:\/\/selettra.de\/it\/wp-json\/wp\/v2\/pages\/39\/revisions"}],"predecessor-version":[{"id":306,"href":"https:\/\/selettra.de\/it\/wp-json\/wp\/v2\/pages\/39\/revisions\/306"}],"wp:attachment":[{"href":"https:\/\/selettra.de\/it\/wp-json\/wp\/v2\/media?parent=39"}],"curies":[{"name":"wp","href":"https:\/\/api.w.org\/{rel}","templated":true}]}}