{"id":37,"date":"2021-11-10T15:37:56","date_gmt":"2021-11-10T14:37:56","guid":{"rendered":"https:\/\/selettra.de\/?page_id=37"},"modified":"2022-05-19T11:54:18","modified_gmt":"2022-05-19T09:54:18","slug":"allgemeine-technik-infos","status":"publish","type":"page","link":"https:\/\/selettra.de\/fr\/allgemeine-technik-infos\/","title":{"rendered":"Informations techniques g\u00e9n\u00e9rales"},"content":{"rendered":"\n<h2 class=\"wp-block-heading\">Comment fonctionne l&rsquo;allumage du rotor interne Selettra<\/h2>\n\n\n\n<p>Le syst\u00e8me d&rsquo;allumage pr\u00e9sent\u00e9 ici est un allumage CDI (Capacitive Discharge Ignition).<br>L&rsquo;allumage fonctionne ind\u00e9pendamment du reste du syst\u00e8me \u00e9lectrique du v\u00e9hicule (batterie) et g\u00e9n\u00e8re l&rsquo;\u00e9lectricit\u00e9 n\u00e9cessaire au processus d&rsquo;allumage via le rotor et le stator lui-m\u00eame.<br>Un allumage CDI n\u00e9cessite peu d&rsquo;entretien. L&rsquo;\u00e9lectronique contr\u00f4le la d\u00e9charge de la tension d&rsquo;allumage.<br>Il n&rsquo;est pas n\u00e9cessaire d\u2019ajuster et de changer un interrupteur m\u00e9canique. L&rsquo;allumage n&rsquo;a besoin d&rsquo;\u00eatre ajust\u00e9 et r\u00e9gl\u00e9 qu&rsquo;une seule fois lors de l&rsquo;installation. Pas de maintenance, de r\u00e9ajustement ou d\u2019entretien du syst\u00e8me.<br>Le syst\u00e8me d&rsquo;allumage se compose des 3 composants suivants:<br>Bobine d\u2019allumage<br>Stator<br>Rotor<\/p>\n\n\n\n<figure class=\"wp-block-image size-large\"><img loading=\"lazy\" decoding=\"async\" width=\"1024\" height=\"683\" src=\"https:\/\/selettra.de\/wp-content\/uploads\/2022\/03\/DSC04987-2-Bearbeitet-1024x683.jpg\" alt=\"\" class=\"wp-image-96\" srcset=\"https:\/\/selettra.de\/wp-content\/uploads\/2022\/03\/DSC04987-2-Bearbeitet-1024x683.jpg 1024w, https:\/\/selettra.de\/wp-content\/uploads\/2022\/03\/DSC04987-2-Bearbeitet-300x200.jpg 300w, https:\/\/selettra.de\/wp-content\/uploads\/2022\/03\/DSC04987-2-Bearbeitet-768x512.jpg 768w, https:\/\/selettra.de\/wp-content\/uploads\/2022\/03\/DSC04987-2-Bearbeitet-1536x1024.jpg 1536w, https:\/\/selettra.de\/wp-content\/uploads\/2022\/03\/DSC04987-2-Bearbeitet-2048x1365.jpg 2048w, https:\/\/selettra.de\/wp-content\/uploads\/2022\/03\/DSC04987-2-Bearbeitet-2010x1340.jpg 2010w\" sizes=\"auto, (max-width: 1024px) 100vw, 1024px\" \/><\/figure>\n\n\n\n<h4 class=\"wp-block-heading\">Processus de chargement et de d\u00e9chargement<\/h4>\n\n\n\n<p>Le rotor et le stator sont \u00e9quip\u00e9s chacun de 2 puissants aimants.<br>La rotation du vilebrequin et donc du rotor g\u00e9n\u00e8re une tension \u00e9lectrique \u00e0 travers les aimants. Un condensateur dans la bobine d&rsquo;allumage est charg\u00e9 par une bobine de charge dans le stator. A la commande de l&rsquo;\u00e9lectronique, la tension est d\u00e9charg\u00e9e via la bougie.<br>Le syst\u00e8me peut \u00eatre utilis\u00e9 universellement sur n&rsquo;importe quel moteur.<br>Donn\u00e9es techniques du syst\u00e8me d&rsquo;allumage Vitesse maximum: 27 000 tr\/min (\u00e9lectrique et m\u00e9canique)<\/p>\n\n\n\n<h4 class=\"wp-block-heading\">Bobine d&rsquo;allumage Selettra<\/h4>\n\n\n\n<p>Le composant le plus important d&rsquo;un syst\u00e8me d&rsquo;allumage c\u2019est la bobine d&rsquo;allumage. L&rsquo;\u00e9lectronique int\u00e9gr\u00e9e guide et contr\u00f4le le temps de d\u00e9charge via la courbe d&rsquo;allumage m\u00e9moris\u00e9e.<br>La courbe est d\u00e9terminante pour la puissance, la vitesse maximale et la r\u00e9activit\u00e9 du moteur.<br>Il est donc indispensable que la courbe d&rsquo;allumage corresponde aux caract\u00e9ristiques du moteur.<br>Sinon, il en r\u00e9sultera des dommages au moteur ou de mauvaises performances.<br>Les donn\u00e9es n\u00e9cessaires \u00e0 la commande peuvent \u00eatre consult\u00e9es sur les listes de stator ou de rotor et sur les sch\u00e9mas.<br>Lors de votre choix, tenez toujours compte des imp\u00e9ratifs techniques (dimensions d&rsquo;installation) et des caract\u00e9ristiques de votre moteur. Parfois, il y a le choix entre diff\u00e9rentes connexions enfichables.<br>Les connecteurs individuels n&rsquo;ont aucun effet sur l&rsquo;allumage. Seule la connexion enfichable du stator et de la bobine doit correspondre.<\/p>\n","protected":false},"excerpt":{"rendered":"<p>Comment fonctionne l&rsquo;allumage du rotor interne Selettra Le syst\u00e8me d&rsquo;allumage pr\u00e9sent\u00e9 ici est un allumage CDI (Capacitive Discharge Ignition).L&rsquo;allumage fonctionne ind\u00e9pendamment du reste du syst\u00e8me \u00e9lectrique du v\u00e9hicule (batterie) et g\u00e9n\u00e8re l&rsquo;\u00e9lectricit\u00e9 n\u00e9cessaire au processus d&rsquo;allumage via le rotor et le stator lui-m\u00eame.Un allumage CDI n\u00e9cessite peu d&rsquo;entretien. L&rsquo;\u00e9lectronique contr\u00f4le la d\u00e9charge de la tension&hellip; <a class=\"more-link\" href=\"https:\/\/selettra.de\/fr\/allgemeine-technik-infos\/\">Poursuivre la lecture <span class=\"screen-reader-text\">Informations techniques g\u00e9n\u00e9rales<\/span><\/a><\/p>\n","protected":false},"author":1,"featured_media":0,"parent":0,"menu_order":0,"comment_status":"closed","ping_status":"closed","template":"","meta":{"footnotes":""},"class_list":["post-37","page","type-page","status-publish","hentry","entry"],"translation":{"provider":"WPGlobus","version":"2.8.11","language":"fr","enabled_languages":["de","en","fr","it","pl"],"languages":{"de":{"title":true,"content":true,"excerpt":false},"en":{"title":true,"content":true,"excerpt":false},"fr":{"title":true,"content":true,"excerpt":false},"it":{"title":true,"content":true,"excerpt":false},"pl":{"title":true,"content":true,"excerpt":false}}},"uagb_featured_image_src":{"full":false,"thumbnail":false,"medium":false,"medium_large":false,"large":false,"1536x1536":false,"2048x2048":false,"post-thumbnail":false},"uagb_author_info":{"display_name":"Andrea","author_link":"https:\/\/selettra.de\/fr\/author\/andrea\/"},"uagb_comment_info":0,"uagb_excerpt":"Comment fonctionne l&rsquo;allumage du rotor interne Selettra Le syst\u00e8me d&rsquo;allumage pr\u00e9sent\u00e9 ici est un allumage CDI (Capacitive Discharge Ignition).L&rsquo;allumage fonctionne ind\u00e9pendamment du reste du syst\u00e8me \u00e9lectrique du v\u00e9hicule (batterie) et g\u00e9n\u00e8re l&rsquo;\u00e9lectricit\u00e9 n\u00e9cessaire au processus d&rsquo;allumage via le rotor et le stator lui-m\u00eame.Un allumage CDI n\u00e9cessite peu d&rsquo;entretien. L&rsquo;\u00e9lectronique contr\u00f4le la d\u00e9charge de la tension&hellip;\u2026","_links":{"self":[{"href":"https:\/\/selettra.de\/fr\/wp-json\/wp\/v2\/pages\/37","targetHints":{"allow":["GET"]}}],"collection":[{"href":"https:\/\/selettra.de\/fr\/wp-json\/wp\/v2\/pages"}],"about":[{"href":"https:\/\/selettra.de\/fr\/wp-json\/wp\/v2\/types\/page"}],"author":[{"embeddable":true,"href":"https:\/\/selettra.de\/fr\/wp-json\/wp\/v2\/users\/1"}],"replies":[{"embeddable":true,"href":"https:\/\/selettra.de\/fr\/wp-json\/wp\/v2\/comments?post=37"}],"version-history":[{"count":19,"href":"https:\/\/selettra.de\/fr\/wp-json\/wp\/v2\/pages\/37\/revisions"}],"predecessor-version":[{"id":410,"href":"https:\/\/selettra.de\/fr\/wp-json\/wp\/v2\/pages\/37\/revisions\/410"}],"wp:attachment":[{"href":"https:\/\/selettra.de\/fr\/wp-json\/wp\/v2\/media?parent=37"}],"curies":[{"name":"wp","href":"https:\/\/api.w.org\/{rel}","templated":true}]}}